{"id":6,"date":"2026-05-07T07:46:16","date_gmt":"2026-05-07T07:46:16","guid":{"rendered":"http:\/\/hvsuwfa.cluster121.hosting.ovh.net\/?page_id=6"},"modified":"2026-05-08T13:08:44","modified_gmt":"2026-05-08T13:08:44","slug":"accueil","status":"publish","type":"page","link":"https:\/\/smalty.be\/index.php\/accueil\/","title":{"rendered":"Accueil"},"content":{"rendered":"\t\t<div data-elementor-type=\"wp-page\" data-elementor-id=\"6\" class=\"elementor elementor-6\">\n\t\t\t\t<div class=\"elementor-element elementor-element-2f206725 e-flex e-con-boxed e-con e-parent\" data-id=\"2f206725\" data-element_type=\"container\" data-e-type=\"container\">\n\t\t\t\t\t<div class=\"e-con-inner\">\n\t\t\t\t<div class=\"elementor-element elementor-element-192d8a7 elementor-widget elementor-widget-image\" data-id=\"192d8a7\" data-element_type=\"widget\" data-e-type=\"widget\" data-widget_type=\"image.default\">\n\t\t\t\t\t\t\t\t\t\t\t\t\t\t\t<img fetchpriority=\"high\" decoding=\"async\" width=\"1024\" height=\"559\" src=\"https:\/\/smalty.be\/wp-content\/uploads\/2026\/05\/Logo-1-2.png\" class=\"attachment-1536x1536 size-1536x1536 wp-image-30\" alt=\"\" srcset=\"https:\/\/smalty.be\/wp-content\/uploads\/2026\/05\/Logo-1-2.png 1024w, https:\/\/smalty.be\/wp-content\/uploads\/2026\/05\/Logo-1-2-300x164.png 300w, https:\/\/smalty.be\/wp-content\/uploads\/2026\/05\/Logo-1-2-768x419.png 768w\" sizes=\"(max-width: 1024px) 100vw, 1024px\" \/>\t\t\t\t\t\t\t\t\t\t\t\t\t\t\t<\/div>\n\t\t\t\t<div class=\"elementor-element elementor-element-600e84d1 elementor-widget elementor-widget-text-editor\" data-id=\"600e84d1\" data-element_type=\"widget\" data-e-type=\"widget\" data-widget_type=\"text-editor.default\">\n\t\t\t\t\t\t\t\t\t<div class=\"x14z9mp xat24cr x1lziwak x1vvkbs xtlvy1s x126k92a\" style=\"white-space: pre-wrap; margin-inline: 0px; overflow-wrap: break-word; margin-bottom: 0px; margin-top: 0.5em; font-family: 'Segoe UI Historic', 'Segoe UI', Helvetica, Arial, sans-serif; color: #080809; font-size: 15px;\"><div dir=\"auto\">\u00a0<\/div><div dir=\"auto\" style=\"font-family: inherit;\">Bienvenue chez Smalty WOOD, sp\u00e9cialiste des briquettes de bois \u00e9cologiques <span class=\"html-span xexx8yu xyri2b x18d9i69 x1c1uobl x1hl2dhg x16tdsg8 x1vvkbs x3nfvp2 x1j61x8r x1fcty0u xdj266r xat24cr xm2jcoa x1mpyi22 xxymvpz xlup9mm x1kky2od\" style=\"text-align: inherit; padding-inline: 0px; margin-inline: 1px; overflow-wrap: break-word; display: inline-flex; vertical-align: middle; padding-bottom: 0px; width: 16px; margin-bottom: 0px; margin-top: 0px; padding-top: 0px; height: 16px; font-family: inherit;\"><img decoding=\"async\" class=\"xz74otr x15mokao x1ga7v0g x16uus16 xbiv7yw\" style=\"border-width: 0px; border-start-start-radius: 0px; border-end-end-radius: 0px; border-start-end-radius: 0px; border-end-start-radius: 0px; object-fit: fill;\" src=\"https:\/\/static.xx.fbcdn.net\/images\/emoji.php\/v9\/t69\/1\/16\/1f331.png\" alt=\"\ud83c\udf31\" width=\"16\" height=\"16\" \/><\/span><\/div><\/div><div class=\"x14z9mp xat24cr x1lziwak x1vvkbs xtlvy1s x126k92a\" style=\"white-space: pre-wrap; margin-inline: 0px; overflow-wrap: break-word; margin-bottom: 0px; margin-top: 0.5em; font-family: 'Segoe UI Historic', 'Segoe UI', Helvetica, Arial, sans-serif; color: #080809; font-size: 15px;\"><div dir=\"auto\" style=\"font-family: inherit;\">Nos briquettes sont fabriqu\u00e9es \u00e0 partir de copeaux de bois recycl\u00e9s, soigneusement press\u00e9s sans aucun ajout de colle ni liant chimique. Un produit 100% naturel, respectueux de l\u2019environnement et performant.<\/div><\/div><div class=\"x14z9mp xat24cr x1lziwak x1vvkbs xtlvy1s x126k92a\" style=\"white-space: pre-wrap; margin-inline: 0px; overflow-wrap: break-word; margin-bottom: 0px; margin-top: 0.5em; font-family: 'Segoe UI Historic', 'Segoe UI', Helvetica, Arial, sans-serif; color: #080809; font-size: 15px;\"><div dir=\"auto\" style=\"font-family: inherit;\"><span class=\"html-span xexx8yu xyri2b x18d9i69 x1c1uobl x1hl2dhg x16tdsg8 x1vvkbs x3nfvp2 x1j61x8r x1fcty0u xdj266r xat24cr xm2jcoa x1mpyi22 xxymvpz xlup9mm x1kky2od\" style=\"text-align: inherit; padding-inline: 0px; margin-inline: 1px; overflow-wrap: break-word; display: inline-flex; vertical-align: middle; padding-bottom: 0px; width: 16px; margin-bottom: 0px; margin-top: 0px; padding-top: 0px; height: 16px; font-family: inherit;\"><img decoding=\"async\" class=\"xz74otr x15mokao x1ga7v0g x16uus16 xbiv7yw\" style=\"border-width: 0px; border-start-start-radius: 0px; border-end-end-radius: 0px; border-start-end-radius: 0px; border-end-start-radius: 0px; object-fit: fill;\" src=\"https:\/\/static.xx.fbcdn.net\/images\/emoji.php\/v9\/t33\/1\/16\/2705.png\" alt=\"\u2705\" width=\"16\" height=\"16\" \/><\/span> Haute performance \u00e9nerg\u00e9tique : environ 4,6 kWh\/kg (sup\u00e9rieur au bois de chauffage classique)<\/div><div dir=\"auto\" style=\"font-family: inherit;\"><span class=\"html-span xexx8yu xyri2b x18d9i69 x1c1uobl x1hl2dhg x16tdsg8 x1vvkbs x3nfvp2 x1j61x8r x1fcty0u xdj266r xat24cr xm2jcoa x1mpyi22 xxymvpz xlup9mm x1kky2od\" style=\"text-align: inherit; padding-inline: 0px; margin-inline: 1px; overflow-wrap: break-word; display: inline-flex; vertical-align: middle; padding-bottom: 0px; width: 16px; margin-bottom: 0px; margin-top: 0px; padding-top: 0px; height: 16px; font-family: inherit;\"><img decoding=\"async\" class=\"xz74otr x15mokao x1ga7v0g x16uus16 xbiv7yw\" style=\"border-width: 0px; border-start-start-radius: 0px; border-end-end-radius: 0px; border-start-end-radius: 0px; border-end-start-radius: 0px; object-fit: fill;\" src=\"https:\/\/static.xx.fbcdn.net\/images\/emoji.php\/v9\/t33\/1\/16\/2705.png\" alt=\"\u2705\" width=\"16\" height=\"16\" \/><\/span> Faible taux d\u2019humidit\u00e9 : moins de 10% pour une combustion optimale<\/div><div dir=\"auto\" style=\"font-family: inherit;\"><span class=\"html-span xexx8yu xyri2b x18d9i69 x1c1uobl x1hl2dhg x16tdsg8 x1vvkbs x3nfvp2 x1j61x8r x1fcty0u xdj266r xat24cr xm2jcoa x1mpyi22 xxymvpz xlup9mm x1kky2od\" style=\"text-align: inherit; padding-inline: 0px; margin-inline: 1px; overflow-wrap: break-word; display: inline-flex; vertical-align: middle; padding-bottom: 0px; width: 16px; margin-bottom: 0px; margin-top: 0px; padding-top: 0px; height: 16px; font-family: inherit;\"><img decoding=\"async\" class=\"xz74otr x15mokao x1ga7v0g x16uus16 xbiv7yw\" style=\"border-width: 0px; border-start-start-radius: 0px; border-end-end-radius: 0px; border-start-end-radius: 0px; border-end-start-radius: 0px; object-fit: fill;\" src=\"https:\/\/static.xx.fbcdn.net\/images\/emoji.php\/v9\/t33\/1\/16\/2705.png\" alt=\"\u2705\" width=\"16\" height=\"16\" \/><\/span> Peu de cendres : moins de 3%, pour un entretien facilit\u00e9<\/div><div dir=\"auto\" style=\"font-family: inherit;\"><span class=\"html-span xexx8yu xyri2b x18d9i69 x1c1uobl x1hl2dhg x16tdsg8 x1vvkbs x3nfvp2 x1j61x8r x1fcty0u xdj266r xat24cr xm2jcoa x1mpyi22 xxymvpz xlup9mm x1kky2od\" style=\"text-align: inherit; padding-inline: 0px; margin-inline: 1px; overflow-wrap: break-word; display: inline-flex; vertical-align: middle; padding-bottom: 0px; width: 16px; margin-bottom: 0px; margin-top: 0px; padding-top: 0px; height: 16px; font-family: inherit;\"><img decoding=\"async\" class=\"xz74otr x15mokao x1ga7v0g x16uus16 xbiv7yw\" style=\"border-width: 0px; border-start-start-radius: 0px; border-end-end-radius: 0px; border-start-end-radius: 0px; border-end-start-radius: 0px; object-fit: fill;\" src=\"https:\/\/static.xx.fbcdn.net\/images\/emoji.php\/v9\/t33\/1\/16\/2705.png\" alt=\"\u2705\" width=\"16\" height=\"16\" \/><\/span> Stockage simplifi\u00e9 : format compact, propre et facile \u00e0 entreposer compar\u00e9 au bois traditionnel<\/div><div dir=\"auto\" style=\"font-family: inherit;\"><span class=\"html-span xexx8yu xyri2b x18d9i69 x1c1uobl x1hl2dhg x16tdsg8 x1vvkbs x3nfvp2 x1j61x8r x1fcty0u xdj266r xat24cr xm2jcoa x1mpyi22 xxymvpz xlup9mm x1kky2od\" style=\"text-align: inherit; padding-inline: 0px; margin-inline: 1px; overflow-wrap: break-word; display: inline-flex; vertical-align: middle; padding-bottom: 0px; width: 16px; margin-bottom: 0px; margin-top: 0px; padding-top: 0px; height: 16px; font-family: inherit;\"><img decoding=\"async\" class=\"xz74otr x15mokao x1ga7v0g x16uus16 xbiv7yw\" style=\"border-width: 0px; border-start-start-radius: 0px; border-end-end-radius: 0px; border-start-end-radius: 0px; border-end-start-radius: 0px; object-fit: fill;\" src=\"https:\/\/static.xx.fbcdn.net\/images\/emoji.php\/v9\/t33\/1\/16\/2705.png\" alt=\"\u2705\" width=\"16\" height=\"16\" \/><\/span> Production responsable : \u00e9nergie 100% renouvelable (chaleur &amp; \u00e9lectricit\u00e9)<\/div><div dir=\"auto\" style=\"font-family: inherit;\"><span class=\"html-span xexx8yu xyri2b x18d9i69 x1c1uobl x1hl2dhg x16tdsg8 x1vvkbs x3nfvp2 x1j61x8r x1fcty0u xdj266r xat24cr xm2jcoa x1mpyi22 xxymvpz xlup9mm x1kky2od\" style=\"text-align: inherit; padding-inline: 0px; margin-inline: 1px; overflow-wrap: break-word; display: inline-flex; vertical-align: middle; padding-bottom: 0px; width: 16px; margin-bottom: 0px; margin-top: 0px; padding-top: 0px; height: 16px; font-family: inherit;\"><img decoding=\"async\" class=\"xz74otr x15mokao x1ga7v0g x16uus16 xbiv7yw\" style=\"border-width: 0px; border-start-start-radius: 0px; border-end-end-radius: 0px; border-start-end-radius: 0px; border-end-start-radius: 0px; object-fit: fill;\" src=\"https:\/\/static.xx.fbcdn.net\/images\/emoji.php\/v9\/t33\/1\/16\/2705.png\" alt=\"\u2705\" width=\"16\" height=\"16\" \/><\/span> Valorisation des d\u00e9chets bois : une solution circulaire et durable<\/div><\/div><div class=\"x14z9mp xat24cr x1lziwak x1vvkbs xtlvy1s x126k92a\" style=\"white-space: pre-wrap; margin-inline: 0px; overflow-wrap: break-word; margin-bottom: 0px; margin-top: 0.5em; font-family: 'Segoe UI Historic', 'Segoe UI', Helvetica, Arial, sans-serif; color: #080809; font-size: 15px;\"><div dir=\"auto\" style=\"font-family: inherit;\">Id\u00e9ales pour chemin\u00e9es, po\u00eales et chaudi\u00e8res, nos briquettes offrent une chaleur constante, propre et efficace.<\/div><\/div><div class=\"x14z9mp xat24cr x1lziwak x1vvkbs xtlvy1s x126k92a\" style=\"white-space: pre-wrap; margin-inline: 0px; overflow-wrap: break-word; margin-bottom: 0px; margin-top: 0.5em; font-family: 'Segoe UI Historic', 'Segoe UI', Helvetica, Arial, sans-serif; color: #080809; font-size: 15px;\"><div dir=\"auto\" style=\"font-family: inherit;\">Faites le choix d\u2019un chauffage \u00e9conomique et \u00e9cologique !<\/div><\/div><div class=\"x14z9mp xat24cr x1lziwak x1vvkbs xtlvy1s x126k92a\" style=\"white-space: pre-wrap; margin-inline: 0px; overflow-wrap: break-word; margin-bottom: 0px; margin-top: 0.5em; font-family: 'Segoe UI Historic', 'Segoe UI', Helvetica, Arial, sans-serif; color: #080809; font-size: 15px;\"><div dir=\"auto\" style=\"font-family: inherit;\">\u00a0<\/div><\/div>\t\t\t\t\t\t\t\t<\/div>\n\t\t\t\t\t<\/div>\n\t\t\t\t<\/div>\n\t\t<div class=\"elementor-element elementor-element-035ea96 e-flex e-con-boxed e-con e-parent\" data-id=\"035ea96\" data-element_type=\"container\" data-e-type=\"container\">\n\t\t\t\t\t<div class=\"e-con-inner\">\n\t\t<div class=\"elementor-element elementor-element-758652f e-con-full e-flex e-con e-child\" data-id=\"758652f\" data-element_type=\"container\" data-e-type=\"container\">\n\t\t\t\t\t\t\t\n\t\t\t<img class=\"e-image-base \" \n\t\t\t\t\tdata-interaction-id=\"df1529d\" \n\t\t \n\t\t \n\t\t\t\t\t\t\t\t\tid=\"46\"\n\t\t\t\t\t\t\t\t\t\t\t\tsrc=\"https:\/\/smalty.be\/wp-content\/uploads\/2026\/05\/flameco-pack.jpg\"\n\t\t\t\t\t\t\t\t\t\t\t\twidth=\"400\"\n\t\t\t\t\t\t\t\t\t\t\t\theight=\"300\"\n\t\t\t\t\t\t\t\t\t\t\t\tsrcset=\"https:\/\/smalty.be\/wp-content\/uploads\/2026\/05\/flameco-pack.jpg 400w, https:\/\/smalty.be\/wp-content\/uploads\/2026\/05\/flameco-pack-300x225.jpg 300w\"\n\t\t\t\t\t\t\t\t\t\t\t\talt=\"\"\n\t\t\t\t\t\t\/>\n\t\t\t\t\t<\/div>\n\t\t<div class=\"elementor-element elementor-element-ed5de0d e-con-full e-flex e-con e-child\" data-id=\"ed5de0d\" data-element_type=\"container\" data-e-type=\"container\">\n\t\t\t\t\t\t\t\n\t\t\t<img class=\"e-image-base \" \n\t\t\t\t\tdata-interaction-id=\"259707b\" \n\t\t \n\t\t \n\t\t\t\t\t\t\t\t\tid=\"91\"\n\t\t\t\t\t\t\t\t\t\t\t\tsrc=\"https:\/\/smalty.be\/wp-content\/uploads\/2026\/05\/picture-biquette.jpg\"\n\t\t\t\t\t\t\t\t\t\t\t\twidth=\"300\"\n\t\t\t\t\t\t\t\t\t\t\t\theight=\"225\"\n\t\t\t\t\t\t\t\t\t\t\t\tsrcset=\"\"\n\t\t\t\t\t\t\t\t\t\t\t\talt=\"\"\n\t\t\t\t\t\t\/>\n\t\t\t\t\t<\/div>\n\t\t\t\t\t<\/div>\n\t\t\t\t<\/div>\n\t\t\t\t<div class=\"elementor-element elementor-element-39107a7 e-con e-atomic-element e-flexbox-base\" data-id=\"39107a7\" data-element_type=\"e-flexbox\" data-e-type=\"e-flexbox\" data-interaction-id=\"39107a7\">\n\t\t\t\t<\/div>\n\t\t\t\t<div class=\"elementor-element elementor-element-7f5d3f0 e-con e-atomic-element e-flexbox-base\" data-id=\"7f5d3f0\" data-element_type=\"e-flexbox\" data-e-type=\"e-flexbox\" data-interaction-id=\"7f5d3f0\">\n\t\t\t\t<\/div>\n\t\t\t\t<\/div>\n\t\t","protected":false},"excerpt":{"rendered":"<p>\u00a0Bienvenue chez Smalty WOOD, sp\u00e9cialiste des briquettes de bois \u00e9cologiques Nos briquettes sont fabriqu\u00e9es \u00e0 partir de copeaux de bois [&hellip;]<\/p>\n","protected":false},"author":1,"featured_media":0,"parent":0,"menu_order":0,"comment_status":"closed","ping_status":"closed","template":"","meta":{"saved_in_kubio":false,"site-sidebar-layout":"default","site-content-layout":"","ast-site-content-layout":"default","site-content-style":"default","site-sidebar-style":"default","ast-global-header-display":"","ast-banner-title-visibility":"","ast-main-header-display":"","ast-hfb-above-header-display":"","ast-hfb-below-header-display":"","ast-hfb-mobile-header-display":"","site-post-title":"","ast-breadcrumbs-content":"","ast-featured-img":"","footer-sml-layout":"","ast-disable-related-posts":"","theme-transparent-header-meta":"","adv-header-id-meta":"","stick-header-meta":"","header-above-stick-meta":"","header-main-stick-meta":"","header-below-stick-meta":"","astra-migrate-meta-layouts":"default","ast-page-background-enabled":"default","ast-page-background-meta":{"desktop":{"background-color":"var(--ast-global-color-5)","background-image":"","background-repeat":"repeat","background-position":"center center","background-size":"auto","background-attachment":"scroll","background-type":"","background-media":"","overlay-type":"","overlay-color":"","overlay-opacity":"","overlay-gradient":""},"tablet":{"background-color":"","background-image":"","background-repeat":"repeat","background-position":"center center","background-size":"auto","background-attachment":"scroll","background-type":"","background-media":"","overlay-type":"","overlay-color":"","overlay-opacity":"","overlay-gradient":""},"mobile":{"background-color":"","background-image":"","background-repeat":"repeat","background-position":"center center","background-size":"auto","background-attachment":"scroll","background-type":"","background-media":"","overlay-type":"","overlay-color":"","overlay-opacity":"","overlay-gradient":""}},"ast-content-background-meta":{"desktop":{"background-color":"var(--ast-global-color-4)","background-image":"","background-repeat":"repeat","background-position":"center center","background-size":"auto","background-attachment":"scroll","background-type":"","background-media":"","overlay-type":"","overlay-color":"","overlay-opacity":"","overlay-gradient":""},"tablet":{"background-color":"var(--ast-global-color-4)","background-image":"","background-repeat":"repeat","background-position":"center center","background-size":"auto","background-attachment":"scroll","background-type":"","background-media":"","overlay-type":"","overlay-color":"","overlay-opacity":"","overlay-gradient":""},"mobile":{"background-color":"var(--ast-global-color-4)","background-image":"","background-repeat":"repeat","background-position":"center center","background-size":"auto","background-attachment":"scroll","background-type":"","background-media":"","overlay-type":"","overlay-color":"","overlay-opacity":"","overlay-gradient":""}},"footnotes":""},"class_list":["post-6","page","type-page","status-publish","hentry"],"kubio_ai_page_context":{"short_desc":"","purpose":"general"},"_links":{"self":[{"href":"https:\/\/smalty.be\/index.php\/wp-json\/wp\/v2\/pages\/6","targetHints":{"allow":["GET"]}}],"collection":[{"href":"https:\/\/smalty.be\/index.php\/wp-json\/wp\/v2\/pages"}],"about":[{"href":"https:\/\/smalty.be\/index.php\/wp-json\/wp\/v2\/types\/page"}],"author":[{"embeddable":true,"href":"https:\/\/smalty.be\/index.php\/wp-json\/wp\/v2\/users\/1"}],"replies":[{"embeddable":true,"href":"https:\/\/smalty.be\/index.php\/wp-json\/wp\/v2\/comments?post=6"}],"version-history":[{"count":33,"href":"https:\/\/smalty.be\/index.php\/wp-json\/wp\/v2\/pages\/6\/revisions"}],"predecessor-version":[{"id":137,"href":"https:\/\/smalty.be\/index.php\/wp-json\/wp\/v2\/pages\/6\/revisions\/137"}],"wp:attachment":[{"href":"https:\/\/smalty.be\/index.php\/wp-json\/wp\/v2\/media?parent=6"}],"curies":[{"name":"wp","href":"https:\/\/api.w.org\/{rel}","templated":true}]}}