{"id":8,"date":"2026-05-08T11:45:32","date_gmt":"2026-05-08T11:45:32","guid":{"rendered":"http:\/\/hvsuwfa.cluster121.hosting.ovh.net\/?page_id=8"},"modified":"2026-05-08T12:01:08","modified_gmt":"2026-05-08T12:01:08","slug":"produits","status":"publish","type":"page","link":"https:\/\/smalty.be\/index.php\/produits\/","title":{"rendered":"Produits"},"content":{"rendered":"\t\t<div data-elementor-type=\"wp-page\" data-elementor-id=\"8\" class=\"elementor elementor-8\">\n\t\t\t\t<div class=\"elementor-element elementor-element-5c14cd05 e-flex e-con-boxed e-con e-parent\" data-id=\"5c14cd05\" data-element_type=\"container\" data-e-type=\"container\">\n\t\t\t\t\t<div class=\"e-con-inner\">\n\t\t\t\t\t\t\t\n\t\t\t<img class=\"e-image-base e-80106ca-680d171\" \n\t\t\t\t\tdata-interaction-id=\"80106ca\" \n\t\t \n\t\t \n\t\t\t\t\t\t\t\t\tid=\"47\"\n\t\t\t\t\t\t\t\t\t\t\t\tsrc=\"https:\/\/smalty.be\/wp-content\/uploads\/2026\/05\/flameco-pack-1-300x225.jpg\"\n\t\t\t\t\t\t\t\t\t\t\t\twidth=\"300\"\n\t\t\t\t\t\t\t\t\t\t\t\theight=\"225\"\n\t\t\t\t\t\t\t\t\t\t\t\tsrcset=\"https:\/\/smalty.be\/wp-content\/uploads\/2026\/05\/flameco-pack-1-300x225.jpg 300w, https:\/\/smalty.be\/wp-content\/uploads\/2026\/05\/flameco-pack-1.jpg 400w\"\n\t\t\t\t\t\t\t\t\t\t\t\talt=\"\"\n\t\t\t\t\t\t\/>\n\t\t\t\t\t<div class=\"elementor-element elementor-element-5807ab35 elementor-widget elementor-widget-text-editor\" data-id=\"5807ab35\" data-element_type=\"widget\" data-e-type=\"widget\" data-widget_type=\"text-editor.default\">\n\t\t\t\t\t\t\t\t\t<h2 data-section-id=\"iqxnfq\" data-start=\"0\" data-end=\"13\">Production<\/h2>\n<p data-start=\"15\" data-end=\"329\">Les briquettes FLAMECO sont int\u00e9gralement fabriqu\u00e9es en Belgique selon un proc\u00e9d\u00e9 de valorisation \u00e9nerg\u00e9tique durable.<br data-start=\"133\" data-end=\"136\" \/>Elles sont produites principalement \u00e0 partir de copeaux et plaquettes de bois provenant d\u2019entreprises r\u00e9gionales, favorisant ainsi les circuits courts et la r\u00e9duction de l\u2019empreinte logistique.<\/p>\n<p data-start=\"331\" data-end=\"504\">L\u2019\u00e9nergie utilis\u00e9e pour le processus de fabrication (chaleur et \u00e9lectricit\u00e9) provient exclusivement de sources renouvelables, notamment d\u2019installations aliment\u00e9es au biogaz.<\/p>\n<hr data-start=\"506\" data-end=\"509\" \/>\n<h2 data-section-id=\"1uxj6xr\" data-start=\"511\" data-end=\"537\">Performance \u00e9nerg\u00e9tique<\/h2>\n<p data-start=\"539\" data-end=\"846\">Gr\u00e2ce \u00e0 leur densit\u00e9 \u00e9lev\u00e9e et \u00e0 leur fort pouvoir calorifique, les briquettes FLAMECO offrent une combustion longue dur\u00e9e et un excellent rendement thermique.<br data-start=\"698\" data-end=\"701\" \/>Une seule briquette peut assurer jusqu\u2019\u00e0 trois heures de combustion continue, selon le type d\u2019appareil utilis\u00e9 et les r\u00e9glages de fonctionnement.<\/p>\n<p data-start=\"848\" data-end=\"960\">Comparativement au bois de chauffage traditionnel, leur efficacit\u00e9 \u00e9nerg\u00e9tique est significativement sup\u00e9rieure.<\/p>\n<h3 data-section-id=\"1hbkvqu\" data-start=\"962\" data-end=\"991\">\u00c9quivalences \u00e9nerg\u00e9tiques<\/h3>\n<ul data-start=\"992\" data-end=\"1204\">\n<li data-section-id=\"1iqng4t\" data-start=\"992\" data-end=\"1104\">1 pack de 6 briquettes FLAMECO (minimum 9 kg) d\u00e9veloppe une \u00e9nergie comparable \u00e0 environ 4,1 litres de mazout.<\/li>\n<li data-section-id=\"4mvtvb\" data-start=\"1105\" data-end=\"1204\">1 tonne de briquettes FLAMECO \u00e9quivaut approximativement \u00e0 4 st\u00e8res de bois dur parfaitement sec.<\/li>\n<\/ul>\n<h3 data-section-id=\"u3csm9\" data-start=\"1206\" data-end=\"1237\">Caract\u00e9ristiques techniques<\/h3>\n<ul data-start=\"1238\" data-end=\"1379\">\n<li data-section-id=\"6ttju4\" data-start=\"1238\" data-end=\"1292\">Bois compress\u00e9 sans ajout de liant chimique ni colle<\/li>\n<li data-section-id=\"18alm4j\" data-start=\"1293\" data-end=\"1316\">Taux d\u2019humidit\u00e9 : 8 %<\/li>\n<li data-section-id=\"9m7f87\" data-start=\"1317\" data-end=\"1351\">Pouvoir calorifique : 4,6 kWh\/kg<\/li>\n<li data-section-id=\"q43qve\" data-start=\"1352\" data-end=\"1379\">Teneur en cendres : \u00b1 2 %<\/li>\n<\/ul>\n<hr data-start=\"1381\" data-end=\"1384\" \/>\n<h2 data-section-id=\"1otwp1n\" data-start=\"1386\" data-end=\"1415\">Engagement environnemental<\/h2>\n<p data-start=\"1417\" data-end=\"1708\">Le chauffage au bois issu de biomasse renouvelable participe \u00e0 une gestion plus durable des ressources \u00e9nerg\u00e9tiques.<br data-start=\"1533\" data-end=\"1536\" \/>Les briquettes FLAMECO sont fabriqu\u00e9es exclusivement \u00e0 partir de sous-produits de l\u2019\u00e9lagage et de l\u2019exploitation foresti\u00e8re, sans abattage d\u2019arbres d\u00e9di\u00e9 \u00e0 leur production.<\/p>\n<p data-start=\"1710\" data-end=\"1830\">En valorisant ces r\u00e9sidus ligneux, FLAMECO contribue \u00e0 une \u00e9conomie circulaire et \u00e0 la r\u00e9duction des d\u00e9chets organiques.<\/p>\n<hr data-start=\"1832\" data-end=\"1835\" \/>\n<h2 data-section-id=\"1rkfzu6\" data-start=\"1837\" data-end=\"1877\">Applications et confort d\u2019utilisation<\/h2>\n<p data-start=\"1879\" data-end=\"2051\">Les briquettes FLAMECO procurent le confort et l\u2019esth\u00e9tique d\u2019un feu de bois traditionnel tout en limitant les contraintes li\u00e9es au stockage, \u00e0 l\u2019allumage et \u00e0 l\u2019entretien.<\/p>\n<p data-start=\"2053\" data-end=\"2098\">Elles conviennent \u00e0 de nombreux \u00e9quipements :<\/p>\n<ul data-start=\"2099\" data-end=\"2265\">\n<li data-section-id=\"xa9pzw\" data-start=\"2099\" data-end=\"2133\">po\u00eales \u00e0 bois ouverts ou ferm\u00e9s,<\/li>\n<li data-section-id=\"1cwnv4w\" data-start=\"2134\" data-end=\"2157\">inserts et cassettes,<\/li>\n<li data-section-id=\"fgcorj\" data-start=\"2158\" data-end=\"2170\">chemin\u00e9es,<\/li>\n<li data-section-id=\"aj8bdj\" data-start=\"2171\" data-end=\"2193\">chaudi\u00e8res biomasse,<\/li>\n<li data-section-id=\"nd7q5p\" data-start=\"2194\" data-end=\"2265\">\u00e9quipements professionnels de cuisson (restaurants, pizzerias, etc.).<\/li>\n<\/ul>\n<h3 data-section-id=\"7h9uc6\" data-start=\"2267\" data-end=\"2290\">Avantages pratiques<\/h3>\n<ul data-start=\"2291\" data-end=\"2418\">\n<li data-section-id=\"1o3sws2\" data-start=\"2291\" data-end=\"2316\">Produit pr\u00eat \u00e0 l\u2019emploi<\/li>\n<li data-section-id=\"j4xfs3\" data-start=\"2317\" data-end=\"2360\">Allumage rapide et facilit\u00e9 d\u2019utilisation<\/li>\n<li data-section-id=\"d1q944\" data-start=\"2361\" data-end=\"2418\">Combustion stable et r\u00e9guli\u00e8re pendant plusieurs heures<\/li>\n<\/ul>\n<hr data-start=\"2420\" data-end=\"2423\" \/>\n<h2 data-section-id=\"8j8tr9\" data-start=\"2425\" data-end=\"2448\">Conseils de stockage<\/h2>\n<p>Afin de pr\u00e9server leurs performances \u00e9nerg\u00e9tiques, il est recommand\u00e9 de conserver les briquettes FLAMECO dans leur emballage d\u2019origine, \u00e0 l\u2019abri de l\u2019humidit\u00e9<\/p>\t\t\t\t\t\t\t\t<\/div>\n\t\t\t\t\t<\/div>\n\t\t\t\t<\/div>\n\t\t\t\t<\/div>\n\t\t","protected":false},"excerpt":{"rendered":"<p>Production Les briquettes FLAMECO sont int\u00e9gralement fabriqu\u00e9es en Belgique selon un proc\u00e9d\u00e9 de valorisation \u00e9nerg\u00e9tique durable.Elles sont produites principalement \u00e0 [&hellip;]<\/p>\n","protected":false},"author":1,"featured_media":0,"parent":0,"menu_order":0,"comment_status":"closed","ping_status":"closed","template":"","meta":{"saved_in_kubio":false,"site-sidebar-layout":"default","site-content-layout":"","ast-site-content-layout":"default","site-content-style":"default","site-sidebar-style":"default","ast-global-header-display":"","ast-banner-title-visibility":"","ast-main-header-display":"","ast-hfb-above-header-display":"","ast-hfb-below-header-display":"","ast-hfb-mobile-header-display":"","site-post-title":"","ast-breadcrumbs-content":"","ast-featured-img":"","footer-sml-layout":"","ast-disable-related-posts":"","theme-transparent-header-meta":"","adv-header-id-meta":"","stick-header-meta":"","header-above-stick-meta":"","header-main-stick-meta":"","header-below-stick-meta":"","astra-migrate-meta-layouts":"default","ast-page-background-enabled":"default","ast-page-background-meta":{"desktop":{"background-color":"var(--ast-global-color-5)","background-image":"","background-repeat":"repeat","background-position":"center center","background-size":"auto","background-attachment":"scroll","background-type":"","background-media":"","overlay-type":"","overlay-color":"","overlay-opacity":"","overlay-gradient":""},"tablet":{"background-color":"","background-image":"","background-repeat":"repeat","background-position":"center center","background-size":"auto","background-attachment":"scroll","background-type":"","background-media":"","overlay-type":"","overlay-color":"","overlay-opacity":"","overlay-gradient":""},"mobile":{"background-color":"","background-image":"","background-repeat":"repeat","background-position":"center center","background-size":"auto","background-attachment":"scroll","background-type":"","background-media":"","overlay-type":"","overlay-color":"","overlay-opacity":"","overlay-gradient":""}},"ast-content-background-meta":{"desktop":{"background-color":"var(--ast-global-color-4)","background-image":"","background-repeat":"repeat","background-position":"center center","background-size":"auto","background-attachment":"scroll","background-type":"","background-media":"","overlay-type":"","overlay-color":"","overlay-opacity":"","overlay-gradient":""},"tablet":{"background-color":"var(--ast-global-color-4)","background-image":"","background-repeat":"repeat","background-position":"center center","background-size":"auto","background-attachment":"scroll","background-type":"","background-media":"","overlay-type":"","overlay-color":"","overlay-opacity":"","overlay-gradient":""},"mobile":{"background-color":"var(--ast-global-color-4)","background-image":"","background-repeat":"repeat","background-position":"center center","background-size":"auto","background-attachment":"scroll","background-type":"","background-media":"","overlay-type":"","overlay-color":"","overlay-opacity":"","overlay-gradient":""}},"footnotes":""},"class_list":["post-8","page","type-page","status-publish","hentry"],"kubio_ai_page_context":{"short_desc":"","purpose":"general"},"_links":{"self":[{"href":"https:\/\/smalty.be\/index.php\/wp-json\/wp\/v2\/pages\/8","targetHints":{"allow":["GET"]}}],"collection":[{"href":"https:\/\/smalty.be\/index.php\/wp-json\/wp\/v2\/pages"}],"about":[{"href":"https:\/\/smalty.be\/index.php\/wp-json\/wp\/v2\/types\/page"}],"author":[{"embeddable":true,"href":"https:\/\/smalty.be\/index.php\/wp-json\/wp\/v2\/users\/1"}],"replies":[{"embeddable":true,"href":"https:\/\/smalty.be\/index.php\/wp-json\/wp\/v2\/comments?post=8"}],"version-history":[{"count":10,"href":"https:\/\/smalty.be\/index.php\/wp-json\/wp\/v2\/pages\/8\/revisions"}],"predecessor-version":[{"id":53,"href":"https:\/\/smalty.be\/index.php\/wp-json\/wp\/v2\/pages\/8\/revisions\/53"}],"wp:attachment":[{"href":"https:\/\/smalty.be\/index.php\/wp-json\/wp\/v2\/media?parent=8"}],"curies":[{"name":"wp","href":"https:\/\/api.w.org\/{rel}","templated":true}]}}